{"id":14131,"date":"2024-06-02T22:56:33","date_gmt":"2024-06-02T22:56:33","guid":{"rendered":"https:\/\/akilda.cl\/index.php\/producto\/set-taladro-forma-dremel-100pcs-130w-10000-35000rpm-hoteche-gys049\/"},"modified":"2024-06-04T01:22:25","modified_gmt":"2024-06-04T01:22:25","slug":"set-taladro-forma-dremel-100pcs-130w-10000-35000rpm-hoteche-gys049","status":"publish","type":"product","link":"https:\/\/akilda.cl\/index.php\/producto\/set-taladro-forma-dremel-100pcs-130w-10000-35000rpm-hoteche-gys049\/","title":{"rendered":"SET TALADRO FORMA DREMEL 100PCS 130W 10000-35000RPM HOTECHE GYS049"},"content":{"rendered":"<h1 class=\"this-description-name\">Kit de herramientas rotativas 130W\u00a0<i class=\"fa fa-qrcode\" aria-hidden=\"true\"><\/i><\/h1>\n<div class=\"pro-this-prodBrief\">Voltaje \/ frecuencia: 220-240 V 50 \/ 60Hz<br \/>\nPotencia de entrada: 130 W<br \/>\nVelocidad sin carga: 10000-35000min<br \/>\ncon accesorios 100pcs \/ controlador flexible \/ soporte<br \/>\nAccesorios 100pcs:<br \/>\nMuela abrasiva de 10 piezas de 3 mm con v\u00e1stago, brocas de diamante de 2 piezas de 3 mm, bandas de lijado de 4 piezas, v\u00e1stago de lijado de 1 pieza, rueda de corte de 36 piezas, ruedas de fieltro peque\u00f1as de 2 piezas, ruedas de fieltro grandes de 2 piezas, broca helicoidal de 2 piezas de 2,3 mm \/ 3,2 mm, 1 pieza de collar\u00edn de 2,3 mm, 1 pieza llave inglesa, mandril de 1 pieza para ruedas de fieltro, mandril de 1 pieza para ruedas de corte, papel de lija 36 piezas, piedra de afilar de 1 pieza<br \/>\nEnchufe VDE con cable de 2 m<br \/>\nagarre suave, alta cantidad de rodamiento<br \/>\nEmbalaje: BMC + caja de color<\/div>\n","protected":false},"excerpt":{"rendered":"<p>Caja Master: 10<\/p>\n","protected":false},"featured_media":14154,"comment_status":"closed","ping_status":"closed","template":"","meta":[],"product_cat":[342,29],"product_tag":[],"class_list":{"0":"post-14131","1":"product","2":"type-product","3":"status-publish","4":"has-post-thumbnail","6":"product_cat-dremel","7":"product_cat-ferreteria","9":"first","10":"instock","11":"product-type-simple"},"yoast_head":"<!-- This site is optimized with the Yoast SEO Premium plugin v20.12 (Yoast SEO v23.7) - https:\/\/yoast.com\/wordpress\/plugins\/seo\/ -->\n<title>SET TALADRO FORMA DREMEL 100PCS 130W 10000-35000RPM HOTECHE GYS049 - Akilda<\/title>\n<meta name=\"robots\" content=\"index, follow, max-snippet:-1, max-image-preview:large, max-video-preview:-1\" \/>\n<link rel=\"canonical\" href=\"https:\/\/akilda.cl\/index.php\/producto\/set-taladro-forma-dremel-100pcs-130w-10000-35000rpm-hoteche-gys049\/\" \/>\n<meta property=\"og:locale\" content=\"es_ES\" \/>\n<meta property=\"og:type\" content=\"article\" \/>\n<meta property=\"og:title\" content=\"SET TALADRO FORMA DREMEL 100PCS 130W 10000-35000RPM HOTECHE GYS049\" \/>\n<meta property=\"og:description\" content=\"Caja Master: 10\" \/>\n<meta property=\"og:url\" content=\"https:\/\/akilda.cl\/index.php\/producto\/set-taladro-forma-dremel-100pcs-130w-10000-35000rpm-hoteche-gys049\/\" \/>\n<meta property=\"og:site_name\" content=\"Akilda\" \/>\n<meta property=\"article:modified_time\" content=\"2024-06-04T01:22:25+00:00\" \/>\n<meta property=\"og:image\" content=\"https:\/\/akilda.cl\/wp-content\/uploads\/2024\/06\/P801208.png\" \/>\n\t<meta property=\"og:image:width\" content=\"439\" \/>\n\t<meta property=\"og:image:height\" content=\"426\" \/>\n\t<meta property=\"og:image:type\" content=\"image\/png\" \/>\n<meta name=\"twitter:card\" content=\"summary_large_image\" \/>\n<meta name=\"twitter:label1\" content=\"Tiempo estimado de lectura\" \/>\n\t<meta name=\"twitter:data1\" content=\"1 minuto\" \/>\n<script type=\"application\/ld+json\" class=\"yoast-schema-graph\">{\"@context\":\"https:\/\/schema.org\",\"@graph\":[{\"@type\":\"WebPage\",\"@id\":\"https:\/\/akilda.cl\/index.php\/producto\/set-taladro-forma-dremel-100pcs-130w-10000-35000rpm-hoteche-gys049\/\",\"url\":\"https:\/\/akilda.cl\/index.php\/producto\/set-taladro-forma-dremel-100pcs-130w-10000-35000rpm-hoteche-gys049\/\",\"name\":\"SET TALADRO FORMA DREMEL 100PCS 130W 10000-35000RPM HOTECHE GYS049 - Akilda\",\"isPartOf\":{\"@id\":\"https:\/\/akilda.cl\/#website\"},\"primaryImageOfPage\":{\"@id\":\"https:\/\/akilda.cl\/index.php\/producto\/set-taladro-forma-dremel-100pcs-130w-10000-35000rpm-hoteche-gys049\/#primaryimage\"},\"image\":{\"@id\":\"https:\/\/akilda.cl\/index.php\/producto\/set-taladro-forma-dremel-100pcs-130w-10000-35000rpm-hoteche-gys049\/#primaryimage\"},\"thumbnailUrl\":\"https:\/\/i0.wp.com\/akilda.cl\/wp-content\/uploads\/2024\/06\/P801208.png?fit=439%2C426&ssl=1\",\"datePublished\":\"2024-06-02T22:56:33+00:00\",\"dateModified\":\"2024-06-04T01:22:25+00:00\",\"breadcrumb\":{\"@id\":\"https:\/\/akilda.cl\/index.php\/producto\/set-taladro-forma-dremel-100pcs-130w-10000-35000rpm-hoteche-gys049\/#breadcrumb\"},\"inLanguage\":\"es-CL\",\"potentialAction\":[{\"@type\":\"ReadAction\",\"target\":[\"https:\/\/akilda.cl\/index.php\/producto\/set-taladro-forma-dremel-100pcs-130w-10000-35000rpm-hoteche-gys049\/\"]}]},{\"@type\":\"ImageObject\",\"inLanguage\":\"es-CL\",\"@id\":\"https:\/\/akilda.cl\/index.php\/producto\/set-taladro-forma-dremel-100pcs-130w-10000-35000rpm-hoteche-gys049\/#primaryimage\",\"url\":\"https:\/\/i0.wp.com\/akilda.cl\/wp-content\/uploads\/2024\/06\/P801208.png?fit=439%2C426&ssl=1\",\"contentUrl\":\"https:\/\/i0.wp.com\/akilda.cl\/wp-content\/uploads\/2024\/06\/P801208.png?fit=439%2C426&ssl=1\",\"width\":439,\"height\":426},{\"@type\":\"BreadcrumbList\",\"@id\":\"https:\/\/akilda.cl\/index.php\/producto\/set-taladro-forma-dremel-100pcs-130w-10000-35000rpm-hoteche-gys049\/#breadcrumb\",\"itemListElement\":[{\"@type\":\"ListItem\",\"position\":1,\"name\":\"Portada\",\"item\":\"https:\/\/akilda.cl\/\"},{\"@type\":\"ListItem\",\"position\":2,\"name\":\"Tienda\",\"item\":\"https:\/\/akilda.cl\/index.php\/tienda\/\"},{\"@type\":\"ListItem\",\"position\":3,\"name\":\"SET TALADRO FORMA DREMEL 100PCS 130W 10000-35000RPM HOTECHE GYS049\"}]},{\"@type\":\"WebSite\",\"@id\":\"https:\/\/akilda.cl\/#website\",\"url\":\"https:\/\/akilda.cl\/\",\"name\":\"Akilda\",\"description\":\"\",\"potentialAction\":[{\"@type\":\"SearchAction\",\"target\":{\"@type\":\"EntryPoint\",\"urlTemplate\":\"https:\/\/akilda.cl\/?s={search_term_string}\"},\"query-input\":{\"@type\":\"PropertyValueSpecification\",\"valueRequired\":true,\"valueName\":\"search_term_string\"}}],\"inLanguage\":\"es-CL\"}]}<\/script>\n<!-- \/ Yoast SEO Premium plugin. -->","yoast_head_json":{"title":"SET TALADRO FORMA DREMEL 100PCS 130W 10000-35000RPM HOTECHE GYS049 - Akilda","robots":{"index":"index","follow":"follow","max-snippet":"max-snippet:-1","max-image-preview":"max-image-preview:large","max-video-preview":"max-video-preview:-1"},"canonical":"https:\/\/akilda.cl\/index.php\/producto\/set-taladro-forma-dremel-100pcs-130w-10000-35000rpm-hoteche-gys049\/","og_locale":"es_ES","og_type":"article","og_title":"SET TALADRO FORMA DREMEL 100PCS 130W 10000-35000RPM HOTECHE GYS049","og_description":"Caja Master: 10","og_url":"https:\/\/akilda.cl\/index.php\/producto\/set-taladro-forma-dremel-100pcs-130w-10000-35000rpm-hoteche-gys049\/","og_site_name":"Akilda","article_modified_time":"2024-06-04T01:22:25+00:00","og_image":[{"width":439,"height":426,"url":"https:\/\/akilda.cl\/wp-content\/uploads\/2024\/06\/P801208.png","type":"image\/png"}],"twitter_card":"summary_large_image","twitter_misc":{"Tiempo estimado de lectura":"1 minuto"},"schema":{"@context":"https:\/\/schema.org","@graph":[{"@type":"WebPage","@id":"https:\/\/akilda.cl\/index.php\/producto\/set-taladro-forma-dremel-100pcs-130w-10000-35000rpm-hoteche-gys049\/","url":"https:\/\/akilda.cl\/index.php\/producto\/set-taladro-forma-dremel-100pcs-130w-10000-35000rpm-hoteche-gys049\/","name":"SET TALADRO FORMA DREMEL 100PCS 130W 10000-35000RPM HOTECHE GYS049 - Akilda","isPartOf":{"@id":"https:\/\/akilda.cl\/#website"},"primaryImageOfPage":{"@id":"https:\/\/akilda.cl\/index.php\/producto\/set-taladro-forma-dremel-100pcs-130w-10000-35000rpm-hoteche-gys049\/#primaryimage"},"image":{"@id":"https:\/\/akilda.cl\/index.php\/producto\/set-taladro-forma-dremel-100pcs-130w-10000-35000rpm-hoteche-gys049\/#primaryimage"},"thumbnailUrl":"https:\/\/i0.wp.com\/akilda.cl\/wp-content\/uploads\/2024\/06\/P801208.png?fit=439%2C426&ssl=1","datePublished":"2024-06-02T22:56:33+00:00","dateModified":"2024-06-04T01:22:25+00:00","breadcrumb":{"@id":"https:\/\/akilda.cl\/index.php\/producto\/set-taladro-forma-dremel-100pcs-130w-10000-35000rpm-hoteche-gys049\/#breadcrumb"},"inLanguage":"es-CL","potentialAction":[{"@type":"ReadAction","target":["https:\/\/akilda.cl\/index.php\/producto\/set-taladro-forma-dremel-100pcs-130w-10000-35000rpm-hoteche-gys049\/"]}]},{"@type":"ImageObject","inLanguage":"es-CL","@id":"https:\/\/akilda.cl\/index.php\/producto\/set-taladro-forma-dremel-100pcs-130w-10000-35000rpm-hoteche-gys049\/#primaryimage","url":"https:\/\/i0.wp.com\/akilda.cl\/wp-content\/uploads\/2024\/06\/P801208.png?fit=439%2C426&ssl=1","contentUrl":"https:\/\/i0.wp.com\/akilda.cl\/wp-content\/uploads\/2024\/06\/P801208.png?fit=439%2C426&ssl=1","width":439,"height":426},{"@type":"BreadcrumbList","@id":"https:\/\/akilda.cl\/index.php\/producto\/set-taladro-forma-dremel-100pcs-130w-10000-35000rpm-hoteche-gys049\/#breadcrumb","itemListElement":[{"@type":"ListItem","position":1,"name":"Portada","item":"https:\/\/akilda.cl\/"},{"@type":"ListItem","position":2,"name":"Tienda","item":"https:\/\/akilda.cl\/index.php\/tienda\/"},{"@type":"ListItem","position":3,"name":"SET TALADRO FORMA DREMEL 100PCS 130W 10000-35000RPM HOTECHE GYS049"}]},{"@type":"WebSite","@id":"https:\/\/akilda.cl\/#website","url":"https:\/\/akilda.cl\/","name":"Akilda","description":"","potentialAction":[{"@type":"SearchAction","target":{"@type":"EntryPoint","urlTemplate":"https:\/\/akilda.cl\/?s={search_term_string}"},"query-input":{"@type":"PropertyValueSpecification","valueRequired":true,"valueName":"search_term_string"}}],"inLanguage":"es-CL"}]}},"jetpack_sharing_enabled":true,"_links":{"self":[{"href":"https:\/\/akilda.cl\/index.php\/wp-json\/wp\/v2\/product\/14131"}],"collection":[{"href":"https:\/\/akilda.cl\/index.php\/wp-json\/wp\/v2\/product"}],"about":[{"href":"https:\/\/akilda.cl\/index.php\/wp-json\/wp\/v2\/types\/product"}],"replies":[{"embeddable":true,"href":"https:\/\/akilda.cl\/index.php\/wp-json\/wp\/v2\/comments?post=14131"}],"version-history":[{"count":3,"href":"https:\/\/akilda.cl\/index.php\/wp-json\/wp\/v2\/product\/14131\/revisions"}],"predecessor-version":[{"id":14157,"href":"https:\/\/akilda.cl\/index.php\/wp-json\/wp\/v2\/product\/14131\/revisions\/14157"}],"wp:featuredmedia":[{"embeddable":true,"href":"https:\/\/akilda.cl\/index.php\/wp-json\/wp\/v2\/media\/14154"}],"wp:attachment":[{"href":"https:\/\/akilda.cl\/index.php\/wp-json\/wp\/v2\/media?parent=14131"}],"wp:term":[{"taxonomy":"product_cat","embeddable":true,"href":"https:\/\/akilda.cl\/index.php\/wp-json\/wp\/v2\/product_cat?post=14131"},{"taxonomy":"product_tag","embeddable":true,"href":"https:\/\/akilda.cl\/index.php\/wp-json\/wp\/v2\/product_tag?post=14131"}],"curies":[{"name":"wp","href":"https:\/\/api.w.org\/{rel}","templated":true}]}}